{"id":20965,"date":"2025-03-24T09:42:10","date_gmt":"2025-03-24T12:42:10","guid":{"rendered":"https:\/\/nordtech.com.br\/?post_type=product&#038;p=20965"},"modified":"2025-03-27T16:34:17","modified_gmt":"2025-03-27T19:34:17","slug":"rocadeira","status":"publish","type":"product","link":"https:\/\/nordtech.com.br\/?product=rocadeira","title":{"rendered":"Ro\u00e7adeira 82v"},"content":{"rendered":"","protected":false},"excerpt":{"rendered":"<p><strong>43% mais pot\u00eancia<\/strong><\/p>\n<p><em><strong>Tempo m\u00e1ximo de execu\u00e7\u00e3o<\/strong><\/em><br \/>\n45 min<\/p>\n<p><em><strong>Velocidade<\/strong><\/em><br \/>\n6.000 RPM<\/p>\n<p><em><strong>Equivalente<\/strong><\/em><br \/>\n43 cc<\/p>\n<ul>\n<li>0,095&#8243; Alimenta\u00e7\u00e3o de colis\u00e3o dupla com carga N&#8217; Go\u2122 Max a 34&#8242; de capacidade de linha<\/li>\n<li>7x mais silencioso<\/li>\n<li>10% mais leve<\/li>\n<li>Cobertura: 2,5 milhas*<\/li>\n<li>Menos de 5m\/s^2 de vibra\u00e7\u00e3o<\/li>\n<\/ul>\n","protected":false},"featured_media":20966,"comment_status":"open","ping_status":"closed","template":"","meta":[],"class_list":{"0":"post-20965","1":"product","2":"type-product","3":"status-publish","4":"has-post-thumbnail","6":"pwb-brand-greenworks","7":"product_cat-greenworks","8":"product_cat-rocadeira","10":"first","11":"instock","12":"shipping-taxable","13":"product-type-simple"},"brands":[{"id":273,"name":"Greenworks","slug":"greenworks"}],"_links":{"self":[{"href":"https:\/\/nordtech.com.br\/index.php?rest_route=\/wp\/v2\/product\/20965","targetHints":{"allow":["GET"]}}],"collection":[{"href":"https:\/\/nordtech.com.br\/index.php?rest_route=\/wp\/v2\/product"}],"about":[{"href":"https:\/\/nordtech.com.br\/index.php?rest_route=\/wp\/v2\/types\/product"}],"replies":[{"embeddable":true,"href":"https:\/\/nordtech.com.br\/index.php?rest_route=%2Fwp%2Fv2%2Fcomments&post=20965"}],"wp:featuredmedia":[{"embeddable":true,"href":"https:\/\/nordtech.com.br\/index.php?rest_route=\/wp\/v2\/media\/20966"}],"wp:attachment":[{"href":"https:\/\/nordtech.com.br\/index.php?rest_route=%2Fwp%2Fv2%2Fmedia&parent=20965"}],"curies":[{"name":"wp","href":"https:\/\/api.w.org\/{rel}","templated":true}]}}