{"id":20960,"date":"2025-03-24T09:39:52","date_gmt":"2025-03-24T12:39:52","guid":{"rendered":"https:\/\/nordtech.com.br\/?post_type=product&#038;p=20960"},"modified":"2025-03-27T16:36:25","modified_gmt":"2025-03-27T19:36:25","slug":"podador-de-altura","status":"publish","type":"product","link":"https:\/\/nordtech.com.br\/?product=podador-de-altura","title":{"rendered":"Podador de Altura 82v com Tubo Bipartido"},"content":{"rendered":"","protected":false},"excerpt":{"rendered":"<p><em><strong>BAIXA MANUTEN\u00c7\u00c3O ALTA POT\u00caNCIA<\/strong><\/em><br \/>\n&#8211; Haste remov\u00edvel de 3 pe\u00e7as para alcance estendido<br \/>\n&#8211; Lubrificador de corrente autom\u00e1tico<br \/>\n&#8211; Motor sem escova de acionamento direto de alta efici\u00eancia<br \/>\n&#8211; 35 &#8221; comprimento com l\u00e2mina<br \/>\n&#8211; Menos de 2,5 m \/ s ^ 2 de vibra\u00e7\u00e3o<br \/>\n&#8211; Peso somente da ferramenta de 13,7 libras<br \/>\n&#8211; Mais silencioso<\/p>\n<p><em><strong>TEMPO DE EXECU\u00c7\u00c3O M\u00c1XIMO<\/strong><\/em><br \/>\n175 Cortes<\/p>\n<p><em><strong>VELOCIDADE DE CORTE<\/strong><\/em><br \/>\n9.000 RP<\/p>\n<p><em><strong>EQUIVALENTE\u00a0<\/strong><\/em><br \/>\n31cc<\/p>\n<p>&nbsp;<\/p>\n","protected":false},"featured_media":20963,"comment_status":"open","ping_status":"closed","template":"","meta":[],"class_list":{"0":"post-20960","1":"product","2":"type-product","3":"status-publish","4":"has-post-thumbnail","6":"pwb-brand-greenworks","7":"product_cat-greenworks","8":"product_cat-podador-de-altura","10":"first","11":"instock","12":"shipping-taxable","13":"product-type-simple"},"brands":[{"id":273,"name":"Greenworks","slug":"greenworks"}],"_links":{"self":[{"href":"https:\/\/nordtech.com.br\/index.php?rest_route=\/wp\/v2\/product\/20960","targetHints":{"allow":["GET"]}}],"collection":[{"href":"https:\/\/nordtech.com.br\/index.php?rest_route=\/wp\/v2\/product"}],"about":[{"href":"https:\/\/nordtech.com.br\/index.php?rest_route=\/wp\/v2\/types\/product"}],"replies":[{"embeddable":true,"href":"https:\/\/nordtech.com.br\/index.php?rest_route=%2Fwp%2Fv2%2Fcomments&post=20960"}],"wp:featuredmedia":[{"embeddable":true,"href":"https:\/\/nordtech.com.br\/index.php?rest_route=\/wp\/v2\/media\/20963"}],"wp:attachment":[{"href":"https:\/\/nordtech.com.br\/index.php?rest_route=%2Fwp%2Fv2%2Fmedia&parent=20960"}],"curies":[{"name":"wp","href":"https:\/\/api.w.org\/{rel}","templated":true}]}}