{"id":20639,"date":"2025-02-25T12:47:33","date_gmt":"2025-02-25T15:47:33","guid":{"rendered":"https:\/\/nordtech.com.br\/?post_type=product&#038;p=20639"},"modified":"2025-02-25T12:48:37","modified_gmt":"2025-02-25T15:48:37","slug":"fio-de-nylon-xp-nacional-perfil-quadrado-o-33-mm","status":"publish","type":"product","link":"https:\/\/nordtech.com.br\/?product=fio-de-nylon-xp-nacional-perfil-quadrado-o-33-mm","title":{"rendered":"Fio de Nylon XP Nacional  &#8211; Perfil Quadrado \u00d8 3,3 mm"},"content":{"rendered":"","protected":false},"excerpt":{"rendered":"<p>Bobina com 162 metros de Fio de Nylon Redondo de 3,3 mm. O perfil de fio redondo proporciona corte preciso, facilitando o trabalho e aumentando rendimento das ro\u00e7adeiras. Possui uma aerodin\u00e2mica que diminui o arraste e o atrito do ar, aliviando o esfor\u00e7o do motor da ro\u00e7adeira, aumentando a vida \u00fatil dos equipamentos e diminuindo o custo de opera\u00e7\u00e3o.<\/p>\n","protected":false},"featured_media":20640,"comment_status":"open","ping_status":"closed","template":"","meta":[],"class_list":{"0":"post-20639","1":"product","2":"type-product","3":"status-publish","4":"has-post-thumbnail","6":"pwb-brand-duraline","7":"product_cat-fio-de-nylon","8":"product_cat-duraline","10":"first","11":"instock","12":"shipping-taxable","13":"product-type-simple"},"brands":[{"id":90,"name":"Duraline","slug":"duraline"}],"_links":{"self":[{"href":"https:\/\/nordtech.com.br\/index.php?rest_route=\/wp\/v2\/product\/20639","targetHints":{"allow":["GET"]}}],"collection":[{"href":"https:\/\/nordtech.com.br\/index.php?rest_route=\/wp\/v2\/product"}],"about":[{"href":"https:\/\/nordtech.com.br\/index.php?rest_route=\/wp\/v2\/types\/product"}],"replies":[{"embeddable":true,"href":"https:\/\/nordtech.com.br\/index.php?rest_route=%2Fwp%2Fv2%2Fcomments&post=20639"}],"wp:featuredmedia":[{"embeddable":true,"href":"https:\/\/nordtech.com.br\/index.php?rest_route=\/wp\/v2\/media\/20640"}],"wp:attachment":[{"href":"https:\/\/nordtech.com.br\/index.php?rest_route=%2Fwp%2Fv2%2Fmedia&parent=20639"}],"curies":[{"name":"wp","href":"https:\/\/api.w.org\/{rel}","templated":true}]}}