{"id":20594,"date":"2025-02-25T09:15:47","date_gmt":"2025-02-25T12:15:47","guid":{"rendered":"https:\/\/nordtech.com.br\/?post_type=product&#038;p=20594"},"modified":"2025-02-25T09:16:26","modified_gmt":"2025-02-25T12:16:26","slug":"fio-de-nylon-duraline-premium-o-30-mm","status":"publish","type":"product","link":"https:\/\/nordtech.com.br\/?product=fio-de-nylon-duraline-premium-o-30-mm","title":{"rendered":"Fio de Nylon Duraline Premium &#8211; \u00d8 3,0 mm"},"content":{"rendered":"","protected":false},"excerpt":{"rendered":"<p>Fios de Nylon Duraline Premium, bobina de 380 m de \u00d8 3,0 mm, com perfil helicoidal.<br \/>\nProduzida pela empresa l\u00edder mundial, a linh Duraline Premium utiliza tecnologia francesa avan\u00e7ada. Com qualidade e desempenho no corte, permite maiores rota\u00e7\u00f5es com menos rachaduras e menor desfiamento. Sua composi\u00e7\u00e3o com pol\u00edmeros de alta qualidade proporciona maior absor\u00e7\u00e3o de umidade, conferindo flexibilidade e resist\u00eancia superiores.<\/p>\n","protected":false},"featured_media":20595,"comment_status":"open","ping_status":"closed","template":"","meta":[],"class_list":{"0":"post-20594","1":"product","2":"type-product","3":"status-publish","4":"has-post-thumbnail","6":"pwb-brand-duraline","7":"product_cat-fio-de-nylon","8":"product_cat-duraline","10":"first","11":"instock","12":"shipping-taxable","13":"product-type-simple"},"brands":[{"id":90,"name":"Duraline","slug":"duraline"}],"_links":{"self":[{"href":"https:\/\/nordtech.com.br\/index.php?rest_route=\/wp\/v2\/product\/20594","targetHints":{"allow":["GET"]}}],"collection":[{"href":"https:\/\/nordtech.com.br\/index.php?rest_route=\/wp\/v2\/product"}],"about":[{"href":"https:\/\/nordtech.com.br\/index.php?rest_route=\/wp\/v2\/types\/product"}],"replies":[{"embeddable":true,"href":"https:\/\/nordtech.com.br\/index.php?rest_route=%2Fwp%2Fv2%2Fcomments&post=20594"}],"wp:featuredmedia":[{"embeddable":true,"href":"https:\/\/nordtech.com.br\/index.php?rest_route=\/wp\/v2\/media\/20595"}],"wp:attachment":[{"href":"https:\/\/nordtech.com.br\/index.php?rest_route=%2Fwp%2Fv2%2Fmedia&parent=20594"}],"curies":[{"name":"wp","href":"https:\/\/api.w.org\/{rel}","templated":true}]}}