{"id":20576,"date":"2025-02-25T08:21:22","date_gmt":"2025-02-25T11:21:22","guid":{"rendered":"https:\/\/nordtech.com.br\/?post_type=product&#038;p=20576"},"modified":"2025-02-25T08:53:11","modified_gmt":"2025-02-25T11:53:11","slug":"fio-coated-steel-duraline-o-30mm","status":"publish","type":"product","link":"https:\/\/nordtech.com.br\/?product=fio-coated-steel-duraline-o-30mm","title":{"rendered":"Fio de Nylon Coated Steel Duraline &#8211; \u00d8 3,0mm"},"content":{"rendered":"","protected":false},"excerpt":{"rendered":"<p>Fio de A\u00e7o revestido em Nylon Duraline, bobina com 154 m de \u00d8 3.0 mm, perfil redondo. Possui resist\u00eancia superior \u00e0 abras\u00e3o, garantindo um bom acabamento em \u00e1reas de dif\u00edcil manuten\u00e7\u00e3o. Perfeito para substuir l\u00e2minas de ro\u00e7adeira.<\/p>\n","protected":false},"featured_media":20578,"comment_status":"open","ping_status":"closed","template":"","meta":[],"class_list":{"0":"post-20576","1":"product","2":"type-product","3":"status-publish","4":"has-post-thumbnail","6":"pwb-brand-duraline","7":"product_cat-fio-de-nylon","8":"product_cat-duraline","10":"first","11":"instock","12":"shipping-taxable","13":"product-type-simple"},"brands":[{"id":90,"name":"Duraline","slug":"duraline"}],"_links":{"self":[{"href":"https:\/\/nordtech.com.br\/index.php?rest_route=\/wp\/v2\/product\/20576","targetHints":{"allow":["GET"]}}],"collection":[{"href":"https:\/\/nordtech.com.br\/index.php?rest_route=\/wp\/v2\/product"}],"about":[{"href":"https:\/\/nordtech.com.br\/index.php?rest_route=\/wp\/v2\/types\/product"}],"replies":[{"embeddable":true,"href":"https:\/\/nordtech.com.br\/index.php?rest_route=%2Fwp%2Fv2%2Fcomments&post=20576"}],"wp:featuredmedia":[{"embeddable":true,"href":"https:\/\/nordtech.com.br\/index.php?rest_route=\/wp\/v2\/media\/20578"}],"wp:attachment":[{"href":"https:\/\/nordtech.com.br\/index.php?rest_route=%2Fwp%2Fv2%2Fmedia&parent=20576"}],"curies":[{"name":"wp","href":"https:\/\/api.w.org\/{rel}","templated":true}]}}