{"id":20422,"date":"2025-02-20T09:23:59","date_gmt":"2025-02-20T12:23:59","guid":{"rendered":"https:\/\/nordtech.com.br\/?post_type=product&#038;p=20422"},"modified":"2025-02-20T09:23:59","modified_gmt":"2025-02-20T12:23:59","slug":"fio-de-nylon-duraline-hd-pro-perfil-redondo-o-16mm","status":"publish","type":"product","link":"https:\/\/nordtech.com.br\/?product=fio-de-nylon-duraline-hd-pro-perfil-redondo-o-16mm","title":{"rendered":"Fio de Nylon Duraline HD PRO &#8211; Perfil Redondo \u00d8 1,6mm"},"content":{"rendered":"","protected":false},"excerpt":{"rendered":"<p>Bobina de fio de nylon Duraline HD Pro, para aparadores e ro\u00e7adeiras. Fio de 15 metros de comprimento e perfil redondo de \u00d8 1,6 mm. Desenvolvido com pol\u00edmeros de alta qualidade e densidade, a linha Duraline HD PRO busca atender as principais caracter\u00edsticas de flexibilidade, elasticidade e resist\u00eancia \u00e0 dureza e abras\u00e3o.<\/p>\n","protected":false},"featured_media":20423,"comment_status":"open","ping_status":"closed","template":"","meta":[],"class_list":{"0":"post-20422","1":"product","2":"type-product","3":"status-publish","4":"has-post-thumbnail","6":"pwb-brand-duraline","7":"product_cat-fio-de-nylon","8":"product_cat-duraline","10":"first","11":"instock","12":"shipping-taxable","13":"product-type-simple"},"brands":[{"id":90,"name":"Duraline","slug":"duraline"}],"_links":{"self":[{"href":"https:\/\/nordtech.com.br\/index.php?rest_route=\/wp\/v2\/product\/20422","targetHints":{"allow":["GET"]}}],"collection":[{"href":"https:\/\/nordtech.com.br\/index.php?rest_route=\/wp\/v2\/product"}],"about":[{"href":"https:\/\/nordtech.com.br\/index.php?rest_route=\/wp\/v2\/types\/product"}],"replies":[{"embeddable":true,"href":"https:\/\/nordtech.com.br\/index.php?rest_route=%2Fwp%2Fv2%2Fcomments&post=20422"}],"wp:featuredmedia":[{"embeddable":true,"href":"https:\/\/nordtech.com.br\/index.php?rest_route=\/wp\/v2\/media\/20423"}],"wp:attachment":[{"href":"https:\/\/nordtech.com.br\/index.php?rest_route=%2Fwp%2Fv2%2Fmedia&parent=20422"}],"curies":[{"name":"wp","href":"https:\/\/api.w.org\/{rel}","templated":true}]}}