{"id":20374,"date":"2025-02-19T14:30:48","date_gmt":"2025-02-19T17:30:48","guid":{"rendered":"https:\/\/nordtech.com.br\/?post_type=product&#038;p=20374"},"modified":"2025-02-20T12:05:22","modified_gmt":"2025-02-20T15:05:22","slug":"lamina-de-2-pontas-duraline-furo-central-de-o-1mm%e2%80%b3","status":"publish","type":"product","link":"https:\/\/nordtech.com.br\/?product=lamina-de-2-pontas-duraline-furo-central-de-o-1mm%e2%80%b3","title":{"rendered":"L\u00e2mina de 2 Pontas Duraline &#8211; Furo Central de \u00d8 1mm\u2033"},"content":{"rendered":"","protected":false},"excerpt":{"rendered":"<p>L\u00e2mina de 2 pontas em a\u00e7o van\u00e1dio. Com furo central de \u00d8 1\u2033, 350mm de largura de corte e 2mm de espessura. \u00c9 indicada para corte e manuten\u00e7\u00e3o de grama baixa, grama alta e capim leve.<\/p>\n","protected":false},"featured_media":20384,"comment_status":"open","ping_status":"closed","template":"","meta":[],"class_list":{"0":"post-20374","1":"product","2":"type-product","3":"status-publish","4":"has-post-thumbnail","6":"pwb-brand-duraline","7":"product_cat-laminas-para-rocadeira","8":"product_cat-duraline","10":"first","11":"instock","12":"shipping-taxable","13":"product-type-simple"},"brands":[{"id":90,"name":"Duraline","slug":"duraline"}],"_links":{"self":[{"href":"https:\/\/nordtech.com.br\/index.php?rest_route=\/wp\/v2\/product\/20374","targetHints":{"allow":["GET"]}}],"collection":[{"href":"https:\/\/nordtech.com.br\/index.php?rest_route=\/wp\/v2\/product"}],"about":[{"href":"https:\/\/nordtech.com.br\/index.php?rest_route=\/wp\/v2\/types\/product"}],"replies":[{"embeddable":true,"href":"https:\/\/nordtech.com.br\/index.php?rest_route=%2Fwp%2Fv2%2Fcomments&post=20374"}],"wp:featuredmedia":[{"embeddable":true,"href":"https:\/\/nordtech.com.br\/index.php?rest_route=\/wp\/v2\/media\/20384"}],"wp:attachment":[{"href":"https:\/\/nordtech.com.br\/index.php?rest_route=%2Fwp%2Fv2%2Fmedia&parent=20374"}],"curies":[{"name":"wp","href":"https:\/\/api.w.org\/{rel}","templated":true}]}}