{"id":20358,"date":"2025-02-19T11:37:55","date_gmt":"2025-02-19T14:37:55","guid":{"rendered":"https:\/\/nordtech.com.br\/?post_type=product&#038;p=20358"},"modified":"2025-02-20T11:49:50","modified_gmt":"2025-02-20T14:49:50","slug":"corda-de-partida-duraline-45-mm","status":"publish","type":"product","link":"https:\/\/nordtech.com.br\/?product=corda-de-partida-duraline-45-mm","title":{"rendered":"Corda de Partida Duraline 4,5 mm"},"content":{"rendered":"","protected":false},"excerpt":{"rendered":"<p>Corda de partida Duraline, com 100 metros de comprimento e 4,5 mm de di\u00e2metro. Fabricada em poliamida de alta densidade, oferece tecnologia High-Tec para m\u00e1xima resist\u00eancia \u00e0 tra\u00e7\u00e3o, alta durabilidade, resist\u00eancia a combust\u00edveis como gasolina e elevado ponto de fus\u00e3o.<\/p>\n<p>Ideal para Motores Diesel 5Hp, motosserras Stihl grande e motores estacion\u00e1rios.<\/p>\n","protected":false},"featured_media":20354,"comment_status":"open","ping_status":"closed","template":"","meta":[],"class_list":{"0":"post-20358","1":"product","2":"type-product","3":"status-publish","4":"has-post-thumbnail","6":"pwb-brand-duraline","7":"product_cat-cordas-de-partida","8":"product_cat-duraline","10":"first","11":"instock","12":"shipping-taxable","13":"product-type-simple"},"brands":[{"id":90,"name":"Duraline","slug":"duraline"}],"_links":{"self":[{"href":"https:\/\/nordtech.com.br\/index.php?rest_route=\/wp\/v2\/product\/20358","targetHints":{"allow":["GET"]}}],"collection":[{"href":"https:\/\/nordtech.com.br\/index.php?rest_route=\/wp\/v2\/product"}],"about":[{"href":"https:\/\/nordtech.com.br\/index.php?rest_route=\/wp\/v2\/types\/product"}],"replies":[{"embeddable":true,"href":"https:\/\/nordtech.com.br\/index.php?rest_route=%2Fwp%2Fv2%2Fcomments&post=20358"}],"wp:featuredmedia":[{"embeddable":true,"href":"https:\/\/nordtech.com.br\/index.php?rest_route=\/wp\/v2\/media\/20354"}],"wp:attachment":[{"href":"https:\/\/nordtech.com.br\/index.php?rest_route=%2Fwp%2Fv2%2Fmedia&parent=20358"}],"curies":[{"name":"wp","href":"https:\/\/api.w.org\/{rel}","templated":true}]}}