{"id":20320,"date":"2025-02-19T08:18:41","date_gmt":"2025-02-19T11:18:41","guid":{"rendered":"https:\/\/nordtech.com.br\/?post_type=product&#038;p=20320"},"modified":"2025-02-20T12:00:13","modified_gmt":"2025-02-20T15:00:13","slug":"enxada-rotativa-tubo-28mm","status":"publish","type":"product","link":"https:\/\/nordtech.com.br\/?product=enxada-rotativa-tubo-28mm","title":{"rendered":"Enxada Rotativa &#8211; Tubo 28 mm"},"content":{"rendered":"","protected":false},"excerpt":{"rendered":"<p>Enxada Rotativa Capinadeira Duraline, Tubo 28 mm Eixo 8 mm x 9 mm.<br \/>\n\u00c1rea de Trabalho 35 cm.<\/p>\n<p>Vers\u00e1til e eficiente para o preparo do solo. Ideal para trabalhos agr\u00edcolas, garante m\u00e1xima produtividade. Alta durabilidade e desempenho para facilitar suas tarefas no campo.<\/p>\n","protected":false},"featured_media":20301,"comment_status":"open","ping_status":"closed","template":"","meta":[],"class_list":{"0":"post-20320","1":"product","2":"type-product","3":"status-publish","4":"has-post-thumbnail","6":"pwb-brand-duraline","7":"product_cat-enxada-rotativa","8":"product_cat-duraline","10":"first","11":"instock","12":"shipping-taxable","13":"product-type-simple"},"brands":[{"id":90,"name":"Duraline","slug":"duraline"}],"_links":{"self":[{"href":"https:\/\/nordtech.com.br\/index.php?rest_route=\/wp\/v2\/product\/20320","targetHints":{"allow":["GET"]}}],"collection":[{"href":"https:\/\/nordtech.com.br\/index.php?rest_route=\/wp\/v2\/product"}],"about":[{"href":"https:\/\/nordtech.com.br\/index.php?rest_route=\/wp\/v2\/types\/product"}],"replies":[{"embeddable":true,"href":"https:\/\/nordtech.com.br\/index.php?rest_route=%2Fwp%2Fv2%2Fcomments&post=20320"}],"wp:featuredmedia":[{"embeddable":true,"href":"https:\/\/nordtech.com.br\/index.php?rest_route=\/wp\/v2\/media\/20301"}],"wp:attachment":[{"href":"https:\/\/nordtech.com.br\/index.php?rest_route=%2Fwp%2Fv2%2Fmedia&parent=20320"}],"curies":[{"name":"wp","href":"https:\/\/api.w.org\/{rel}","templated":true}]}}