{"id":20298,"date":"2025-02-18T08:44:50","date_gmt":"2025-02-18T11:44:50","guid":{"rendered":"https:\/\/nordtech.com.br\/?post_type=product&#038;p=20298"},"modified":"2025-02-20T12:01:22","modified_gmt":"2025-02-20T15:01:22","slug":"escova-de-aco-rotativa-o-200","status":"publish","type":"product","link":"https:\/\/nordtech.com.br\/?product=escova-de-aco-rotativa-o-200","title":{"rendered":"Escova de A\u00e7o Rotativa &#8211; 200mm"},"content":{"rendered":"","protected":false},"excerpt":{"rendered":"<p>Escova de A\u00e7o \u00f8 200 mm para Ro\u00e7adeiras acima de 30 cc. Com furo central de 25,4 mm com adaptador de redu\u00e7\u00e3o para 20 mm.<br \/>\nModelo reto.<\/p>\n<p>Ideal para remo\u00e7\u00e3o de ervas daninhas e musgos indesejados em pavimentos, cal\u00e7adas e pavers.<br \/>\nFeito de a\u00e7o de alta qualidade e durabilidade, \u00e9 resistente para trabalhos precisos e eficientes.<br \/>\n\u2013 Encaixe universal<br \/>\n\u2013 F\u00e1cil de substituir e instalar<br \/>\n\u2013 Acompanha adaptador para transmiss\u00e3o com encaixe de 20mm<\/p>\n","protected":false},"featured_media":20299,"comment_status":"open","ping_status":"closed","template":"","meta":[],"class_list":{"0":"post-20298","1":"product","2":"type-product","3":"status-publish","4":"has-post-thumbnail","6":"pwb-brand-duraline","7":"product_cat-escova-de-aco-duraline","9":"first","10":"instock","11":"shipping-taxable","12":"product-type-simple"},"brands":[{"id":90,"name":"Duraline","slug":"duraline"}],"_links":{"self":[{"href":"https:\/\/nordtech.com.br\/index.php?rest_route=\/wp\/v2\/product\/20298","targetHints":{"allow":["GET"]}}],"collection":[{"href":"https:\/\/nordtech.com.br\/index.php?rest_route=\/wp\/v2\/product"}],"about":[{"href":"https:\/\/nordtech.com.br\/index.php?rest_route=\/wp\/v2\/types\/product"}],"replies":[{"embeddable":true,"href":"https:\/\/nordtech.com.br\/index.php?rest_route=%2Fwp%2Fv2%2Fcomments&post=20298"}],"wp:featuredmedia":[{"embeddable":true,"href":"https:\/\/nordtech.com.br\/index.php?rest_route=\/wp\/v2\/media\/20299"}],"wp:attachment":[{"href":"https:\/\/nordtech.com.br\/index.php?rest_route=%2Fwp%2Fv2%2Fmedia&parent=20298"}],"curies":[{"name":"wp","href":"https:\/\/api.w.org\/{rel}","templated":true}]}}