{"id":20277,"date":"2025-02-18T08:32:13","date_gmt":"2025-02-18T11:32:13","guid":{"rendered":"https:\/\/nordtech.com.br\/?post_type=product&#038;p=20277"},"modified":"2025-02-20T12:02:49","modified_gmt":"2025-02-20T15:02:49","slug":"escova-de-aco-203-mm","status":"publish","type":"product","link":"https:\/\/nordtech.com.br\/?product=escova-de-aco-203-mm","title":{"rendered":"Escova de A\u00e7o Rotativa &#8211; 203 mm"},"content":{"rendered":"","protected":false},"excerpt":{"rendered":"<p>Escova de A\u00e7o Rotativa Duraline para Ro\u00e7adeiras 8\u201d 203 mm Furo central 1\u201d com redu\u00e7\u00e3o para 20 mm<br \/>\nModelo c\u00f4ncavo<\/p>\n<p>Ideal para remo\u00e7\u00e3o de ervas daninhas e musgos indesejados em pavimentos, cal\u00e7adas e pavers.<br \/>\nFeito de a\u00e7o de alta qualidade e durabilidade, \u00e9 resistente para trabalhos precisos e eficientes.<br \/>\n&#8211; Encaixe universal<br \/>\n&#8211; F\u00e1cil de substituir e instalar<br \/>\n&#8211; Acompanha adaptador para transmiss\u00e3o com encaixe de 20mm<\/p>\n","protected":false},"featured_media":20278,"comment_status":"open","ping_status":"closed","template":"","meta":[],"class_list":{"0":"post-20277","1":"product","2":"type-product","3":"status-publish","4":"has-post-thumbnail","6":"pwb-brand-duraline","7":"product_cat-escova-de-aco-duraline","8":"product_cat-duraline","10":"first","11":"instock","12":"shipping-taxable","13":"product-type-simple"},"brands":[{"id":90,"name":"Duraline","slug":"duraline"}],"_links":{"self":[{"href":"https:\/\/nordtech.com.br\/index.php?rest_route=\/wp\/v2\/product\/20277","targetHints":{"allow":["GET"]}}],"collection":[{"href":"https:\/\/nordtech.com.br\/index.php?rest_route=\/wp\/v2\/product"}],"about":[{"href":"https:\/\/nordtech.com.br\/index.php?rest_route=\/wp\/v2\/types\/product"}],"replies":[{"embeddable":true,"href":"https:\/\/nordtech.com.br\/index.php?rest_route=%2Fwp%2Fv2%2Fcomments&post=20277"}],"wp:featuredmedia":[{"embeddable":true,"href":"https:\/\/nordtech.com.br\/index.php?rest_route=\/wp\/v2\/media\/20278"}],"wp:attachment":[{"href":"https:\/\/nordtech.com.br\/index.php?rest_route=%2Fwp%2Fv2%2Fmedia&parent=20277"}],"curies":[{"name":"wp","href":"https:\/\/api.w.org\/{rel}","templated":true}]}}