{"id":17364,"date":"2024-07-10T09:42:22","date_gmt":"2024-07-10T12:42:22","guid":{"rendered":"https:\/\/nordtech.com.br\/?post_type=product&#038;p=17364"},"modified":"2026-03-09T11:58:46","modified_gmt":"2026-03-09T14:58:46","slug":"carretel-de-nylon-bate-e-libera-cdaact","status":"publish","type":"product","link":"https:\/\/nordtech.com.br\/?product=carretel-de-nylon-bate-e-libera-cdaact","title":{"rendered":"Carretel de Nylon Bate e Libera &#8211; CDAACT"},"content":{"rendered":"","protected":false},"excerpt":{"rendered":"<p>Equipados com nylon de alta densidade, esses carret\u00e9is apresentam uma resist\u00eancia a impactos e abras\u00e3o. Al\u00e9m disso, contam com carretel autom\u00e1tico que permite ao operador liberar o fio com apenas um toque no solo, eliminando a necessidade de interromper a opera\u00e7\u00e3o para soltar o nylon.<\/p>\n<p>O abastecimento torna-se simples gra\u00e7as ao sistema Easy Load, que dispensa a desmontagem do carretel. O bot\u00e3o central, pe\u00e7a sujeita a maior atrito com o solo, \u00e9 confeccionado em metal (zamac), proporcionando uma vida \u00fatil prolongada ao carretel, uma vez que sofre menos desgaste.<\/p>\n<h2 class=\"elementor-heading-title elementor-size-default\">Informa\u00e7\u00f5es Adicionais<\/h2>\n<p><img loading=\"lazy\" decoding=\"async\" class=\"size-full wp-image-17381 alignleft\" src=\"https:\/\/nordtech.com.br\/wp-content\/uploads\/2024\/07\/CDAACT-1.jpg\" alt=\"\" width=\"829\" height=\"236\" \/><\/p>\n","protected":false},"featured_media":17366,"comment_status":"open","ping_status":"closed","template":"","meta":[],"class_list":{"0":"post-17364","1":"product","2":"type-product","3":"status-publish","4":"has-post-thumbnail","6":"pwb-brand-duraline","7":"product_cat-carreteis","8":"product_cat-duraline","10":"first","11":"instock","12":"shipping-taxable","13":"product-type-simple"},"brands":[{"id":90,"name":"Duraline","slug":"duraline"}],"_links":{"self":[{"href":"https:\/\/nordtech.com.br\/index.php?rest_route=\/wp\/v2\/product\/17364","targetHints":{"allow":["GET"]}}],"collection":[{"href":"https:\/\/nordtech.com.br\/index.php?rest_route=\/wp\/v2\/product"}],"about":[{"href":"https:\/\/nordtech.com.br\/index.php?rest_route=\/wp\/v2\/types\/product"}],"replies":[{"embeddable":true,"href":"https:\/\/nordtech.com.br\/index.php?rest_route=%2Fwp%2Fv2%2Fcomments&post=17364"}],"wp:featuredmedia":[{"embeddable":true,"href":"https:\/\/nordtech.com.br\/index.php?rest_route=\/wp\/v2\/media\/17366"}],"wp:attachment":[{"href":"https:\/\/nordtech.com.br\/index.php?rest_route=%2Fwp%2Fv2%2Fmedia&parent=17364"}],"curies":[{"name":"wp","href":"https:\/\/api.w.org\/{rel}","templated":true}]}}