{"id":14900,"date":"2024-01-29T15:49:05","date_gmt":"2024-01-29T18:49:05","guid":{"rendered":"https:\/\/nordtech.com.br\/?post_type=product&#038;p=14900"},"modified":"2024-03-04T14:06:55","modified_gmt":"2024-03-04T17:06:55","slug":"lubri-2t-oregon","status":"publish","type":"product","link":"https:\/\/nordtech.com.br\/?product=lubri-2t-oregon","title":{"rendered":"Lubri 2T Oregon"},"content":{"rendered":"<p><span class=\"sc-kpDqfm qhIEo\" data-testid=\"product-detail-title\">\u00d3leo lubrificante para motor a gasolina 2 tempos<\/span><\/p>\n<div class=\"sc-fqkvVR heuZyN sc-eODrEC falkMS\" data-testid=\"product-detail-description\">\n<div class=\"sc-fqkvVR hlqElk sc-jLgLzE jLZeRJ\" data-testid=\"rich-content-container\">O \u00d3leo lubrificante para motor a gasolina 2 tempos 500 ml &#8211;<\/div>\n<div class=\"sc-fqkvVR hlqElk sc-jLgLzE jLZeRJ\" data-testid=\"rich-content-container\">Lubri 2T da Oregon um produto semi- sint\u00e9tico. Indicado para lubrifica\u00e7\u00e3o de motores 2 tempos ferramentas como: motosserras, ro\u00e7adeiras, cortadores de grama etc.<br \/>\nO \u00f3leo Lubri 2T proporciona uma maior lubrifica\u00e7\u00e3o aos motores, conservando e gerando uma maior vida \u00fatil, desempenho e economia.\u2022 Mistura: 1:50<br \/>\n\u2022 Volume: 500 ml.<\/div>\n<\/div>\n<p>&nbsp;<\/p>\n<p><em>Consulte aqui as informa\u00e7\u00f5es de seguran\u00e7a: <a href=\"https:\/\/acrobat.adobe.com\/id\/urn:aaid:sc:VA6C2:bea45e1f-c516-418a-8fae-6d1cf861c479\">LUBRI 2TFISPQ &#8211;\u00a0<\/a><\/em><\/p>\n<p>&nbsp;<\/p>\n","protected":false},"excerpt":{"rendered":"<p><span class=\"sc-kpDqfm qhIEo\" data-testid=\"product-detail-title\">\u00d3leo lubrificante para motor a gasolina 2 tempos<\/span><\/p>\n<div class=\"sc-fqkvVR heuZyN sc-eODrEC falkMS\" data-testid=\"product-detail-description\">\n<div class=\"sc-fqkvVR hlqElk sc-jLgLzE jLZeRJ\" data-testid=\"rich-content-container\">O \u00d3leo lubrificante para motor a gasolina 2 tempos 500 ml &#8211;<\/div>\n<div class=\"sc-fqkvVR hlqElk sc-jLgLzE jLZeRJ\" data-testid=\"rich-content-container\">Lubri 2T da Oregon um produto semi- sint\u00e9tico. Indicado para lubrifica\u00e7\u00e3o de motores 2 tempos ferramentas como: motosserras, ro\u00e7adeiras, cortadores de grama etc.<br \/>\nO \u00f3leo Lubri 2T proporciona uma maior lubrifica\u00e7\u00e3o aos motores, conservando e gerando uma maior vida \u00fatil, desempenho e economia.\u2022 Mistura: 1:50<br \/>\n\u2022 Volume: 500 ml.<\/div>\n<\/div>\n<p>&nbsp;<\/p>\n<p><em>Consulte aqui as informa\u00e7\u00f5es de seguran\u00e7a: <a href=\"https:\/\/acrobat.adobe.com\/id\/urn:aaid:sc:VA6C2:bea45e1f-c516-418a-8fae-6d1cf861c479\">LUBRI 2TFISPQ &#8211;\u00a0<\/a><\/em><\/p>\n","protected":false},"featured_media":15357,"comment_status":"open","ping_status":"closed","template":"","meta":[],"class_list":{"0":"post-14900","1":"product","2":"type-product","3":"status-publish","4":"has-post-thumbnail","6":"pwb-brand-oregon","7":"product_cat-oregon","9":"first","10":"instock","11":"shipping-taxable","12":"product-type-simple"},"brands":[{"id":109,"name":"Oregon","slug":"oregon"}],"_links":{"self":[{"href":"https:\/\/nordtech.com.br\/index.php?rest_route=\/wp\/v2\/product\/14900","targetHints":{"allow":["GET"]}}],"collection":[{"href":"https:\/\/nordtech.com.br\/index.php?rest_route=\/wp\/v2\/product"}],"about":[{"href":"https:\/\/nordtech.com.br\/index.php?rest_route=\/wp\/v2\/types\/product"}],"replies":[{"embeddable":true,"href":"https:\/\/nordtech.com.br\/index.php?rest_route=%2Fwp%2Fv2%2Fcomments&post=14900"}],"wp:featuredmedia":[{"embeddable":true,"href":"https:\/\/nordtech.com.br\/index.php?rest_route=\/wp\/v2\/media\/15357"}],"wp:attachment":[{"href":"https:\/\/nordtech.com.br\/index.php?rest_route=%2Fwp%2Fv2%2Fmedia&parent=14900"}],"curies":[{"name":"wp","href":"https:\/\/api.w.org\/{rel}","templated":true}]}}