{"id":12455,"date":"2023-07-24T17:16:39","date_gmt":"2023-07-24T20:16:39","guid":{"rendered":"https:\/\/nordtech.com.br\/?post_type=product&#038;p=12455"},"modified":"2023-07-24T17:44:43","modified_gmt":"2023-07-24T20:44:43","slug":"lubrificante-semissintetico-27","status":"publish","type":"product","link":"https:\/\/nordtech.com.br\/?product=lubrificante-semissintetico-27","title":{"rendered":"Rhinomec 2T Semissint\u00e9tico"},"content":{"rendered":"","protected":false},"excerpt":{"rendered":"<p>&#8211; Um \u00f3leo lubrificante de alto desempenho JASO FC. Especialmente formulado para proporcionar m\u00e1ximo performance em motores 2 tempos refrigerados a ar, maximizando a vida \u00fatil do seu equipamento. Especialmente desenvolvido a partir de mescla de b\u00e1sicos minerais e sint\u00e9ticos de primeiro refino e aditivos especiais de \u00faltima gera\u00e7\u00e3o.<\/p>\n<div>\n<ul>\n<li>Anticorrosivo<\/li>\n<li>Antidesgastante<\/li>\n<li>Detergente<\/li>\n<li>Antiespumante<\/li>\n<li>Antioxidante<\/li>\n<li>Dispersante<\/li>\n<li>Depressor de ponto de fluidez<\/li>\n<\/ul>\n<\/div>\n<p>-Para uso em motores 2T: motosserras, ro\u00e7adeiras, sopradores e motores similares<\/p>\n<p><em>Consulte aqui as informa\u00e7\u00f5es de seguran\u00e7a: <a href=\"https:\/\/nordtech.com.br\/wp-content\/uploads\/2023\/07\/FISPQ-Rhinomec-2T-Semissintetico.pdf\">FISPQ &#8211; Rhinomec 2T Semissint\u00e9tico<\/a><\/em><\/p>\n","protected":false},"featured_media":12459,"comment_status":"open","ping_status":"closed","template":"","meta":[],"class_list":{"0":"post-12455","1":"product","2":"type-product","3":"status-publish","4":"has-post-thumbnail","6":"pwb-brand-rhinomec-parts","7":"product_cat-rhinomec-parts","9":"first","10":"instock","11":"shipping-taxable","12":"product-type-simple"},"brands":[{"id":91,"name":"Rhinomec Parts","slug":"rhinomec-parts"}],"_links":{"self":[{"href":"https:\/\/nordtech.com.br\/index.php?rest_route=\/wp\/v2\/product\/12455","targetHints":{"allow":["GET"]}}],"collection":[{"href":"https:\/\/nordtech.com.br\/index.php?rest_route=\/wp\/v2\/product"}],"about":[{"href":"https:\/\/nordtech.com.br\/index.php?rest_route=\/wp\/v2\/types\/product"}],"replies":[{"embeddable":true,"href":"https:\/\/nordtech.com.br\/index.php?rest_route=%2Fwp%2Fv2%2Fcomments&post=12455"}],"wp:featuredmedia":[{"embeddable":true,"href":"https:\/\/nordtech.com.br\/index.php?rest_route=\/wp\/v2\/media\/12459"}],"wp:attachment":[{"href":"https:\/\/nordtech.com.br\/index.php?rest_route=%2Fwp%2Fv2%2Fmedia&parent=12455"}],"curies":[{"name":"wp","href":"https:\/\/api.w.org\/{rel}","templated":true}]}}