{"id":12449,"date":"2023-07-24T17:07:25","date_gmt":"2023-07-24T20:07:25","guid":{"rendered":"https:\/\/nordtech.com.br\/?post_type=product&#038;p=12449"},"modified":"2023-07-24T17:11:25","modified_gmt":"2023-07-24T20:11:25","slug":"rhinomec-ms","status":"publish","type":"product","link":"https:\/\/nordtech.com.br\/?product=rhinomec-ms","title":{"rendered":"Rhinomec MS"},"content":{"rendered":"<p>-Esse Lubrificante Mineral ISO VG150, tipo HLP, foi desenvolvido para lubrificar sistemas de corte de madeira mecanizados, como motosserras e similares, aumentando a vida \u00fatil da corrente e do sabre, al\u00e9m de permitir um corte suave com menor atrito, prolongando, dessa forma, a vida \u00fatil do conjunto.<\/p>\n<ul>\n<li>Antidesgastante<\/li>\n<li>Antigotejante<\/li>\n<li>Melhor Refrigera\u00e7\u00e3o<\/li>\n<li>Melhor Performance<\/li>\n<li>Econ\u00f4mico<\/li>\n<\/ul>\n<p>O \u00f3leo Rhinomec MS tem uma grande adesividade para diminuir a expuls\u00e3o do lubrificante durante o funcionamento do equipamento, proporcionando uma boa lubrifica\u00e7\u00e3o e ader\u00eancia, mesmo sob altas rota\u00e7\u00f5es.<\/p>\n<p>&nbsp;<\/p>\n<p>&nbsp;<\/p>\n<p><em>Consulte aqui as informa\u00e7\u00f5es de seguran\u00e7a: <a href=\"https:\/\/nordtech.com.br\/wp-content\/uploads\/2023\/07\/FISPQ-Rhinomec-MS.pdf\">FISPQ &#8211; Rhinomec MS<\/a><\/em><\/p>\n","protected":false},"excerpt":{"rendered":"<p>-Esse Lubrificante Mineral ISO VG150, tipo HLP, foi desenvolvido para lubrificar sistemas de corte de madeira mecanizados, como motosserras e similares, aumentando a vida \u00fatil da corrente e do sabre, al\u00e9m de permitir um corte suave com menor atrito, prolongando, dessa forma, a vida \u00fatil do conjunto.<\/p>\n<ul>\n<li>Antidesgastante<\/li>\n<li>Antigotejante<\/li>\n<li>Melhor Refrigera\u00e7\u00e3o<\/li>\n<li>Melhor Performance<\/li>\n<li>Econ\u00f4mico<\/li>\n<\/ul>\n<p>&nbsp;<\/p>\n<p>-O \u00f3leo Rhinomec MS tem uma grande adesividade para diminuir a expuls\u00e3o do lubrificante durante o funcionamento do equipamento, proporcionando uma boa lubrifica\u00e7\u00e3o e ader\u00eancia, mesmo sob altas rota\u00e7\u00f5es.<\/p>\n<p>&nbsp;<\/p>\n<p><em>Consulte aqui as informa\u00e7\u00f5es de seguran\u00e7a: <a href=\"https:\/\/nordtech.com.br\/wp-content\/uploads\/2023\/07\/FISPQ-Rhinomec-MS.pdf\">FISPQ &#8211; Rhinomec MS<\/a><\/em><\/p>\n","protected":false},"featured_media":12450,"comment_status":"open","ping_status":"closed","template":"","meta":[],"class_list":{"0":"post-12449","1":"product","2":"type-product","3":"status-publish","4":"has-post-thumbnail","6":"pwb-brand-rhinomec-parts","7":"product_cat-rhinomec-parts","9":"first","10":"instock","11":"shipping-taxable","12":"product-type-simple"},"brands":[{"id":91,"name":"Rhinomec Parts","slug":"rhinomec-parts"}],"_links":{"self":[{"href":"https:\/\/nordtech.com.br\/index.php?rest_route=\/wp\/v2\/product\/12449","targetHints":{"allow":["GET"]}}],"collection":[{"href":"https:\/\/nordtech.com.br\/index.php?rest_route=\/wp\/v2\/product"}],"about":[{"href":"https:\/\/nordtech.com.br\/index.php?rest_route=\/wp\/v2\/types\/product"}],"replies":[{"embeddable":true,"href":"https:\/\/nordtech.com.br\/index.php?rest_route=%2Fwp%2Fv2%2Fcomments&post=12449"}],"wp:featuredmedia":[{"embeddable":true,"href":"https:\/\/nordtech.com.br\/index.php?rest_route=\/wp\/v2\/media\/12450"}],"wp:attachment":[{"href":"https:\/\/nordtech.com.br\/index.php?rest_route=%2Fwp%2Fv2%2Fmedia&parent=12449"}],"curies":[{"name":"wp","href":"https:\/\/api.w.org\/{rel}","templated":true}]}}