{"id":427,"date":"2020-10-25T18:52:09","date_gmt":"2020-10-25T21:52:09","guid":{"rendered":"https:\/\/nordtech.com.br\/?page_id=427"},"modified":"2025-06-27T14:48:19","modified_gmt":"2025-06-27T17:48:19","slug":"tekna","status":"publish","type":"page","link":"https:\/\/nordtech.com.br\/?page_id=427","title":{"rendered":"Tekna"},"content":{"rendered":"\t\t<div data-elementor-type=\"wp-page\" data-elementor-id=\"427\" class=\"elementor elementor-427\" data-elementor-settings=\"[]\">\n\t\t\t\t\t\t<div class=\"elementor-inner\">\n\t\t\t\t\t\t\t<div class=\"elementor-section-wrap\">\n\t\t\t\t\t\t\t<section class=\"elementor-section elementor-top-section elementor-element elementor-element-0e3bb31 elementor-section-full_width elementor-section-height-default elementor-section-height-default\" data-id=\"0e3bb31\" data-element_type=\"section\">\n\t\t\t\t\t\t<div class=\"elementor-container elementor-column-gap-default\">\n\t\t\t\t\t\t\t<div class=\"elementor-row\">\n\t\t\t\t\t<div class=\"elementor-column elementor-col-100 elementor-top-column elementor-element elementor-element-cc9801a\" data-id=\"cc9801a\" data-element_type=\"column\">\n\t\t\t<div class=\"elementor-column-wrap elementor-element-populated\">\n\t\t\t\t\t\t\t<div class=\"elementor-widget-wrap\">\n\t\t\t\t\t\t<div class=\"elementor-element elementor-element-505f795 elementor-hidden-desktop elementor-hidden-tablet elementor-widget elementor-widget-text-editor\" data-id=\"505f795\" data-element_type=\"widget\" data-widget_type=\"text-editor.default\">\n\t\t\t\t<div class=\"elementor-widget-container\">\n\t\t\t\t\t<div class=\"elementor-text-editor elementor-clearfix\"><!-- Layout 1: FitRows -->\n<div class=\"sbtw-wrapper layout-fitrows sbgs-gallery-studio-12346\">\n    <div class=\"sbtw-grid sbtw-grid-cols-1 sm:sbtw-grid-cols-2 md:sbtw-grid-cols-3 lg:sbtw-grid-cols-4 xl:sbtw-grid-cols-5\" >\n                                <div class=\"   sbtw-relative\">\n                <div class=\"sbtw-single-item sbtw-inline-block sbtw-relative sbtw-overflow-hidden\">\n                                            <a class=\"item-image\" href=\"https:\/\/teknapower.com.br\/\" title=\"MOBILE_Banner_Produtos_Tekna\">\n                                                                            <img decoding=\"async\" src=\"https:\/\/nordtech.com.br\/wp-content\/uploads\/2025\/09\/MOBILE_Banner_Produtos_Tekna.jpg\" class=\" sbtw-media-item sbtw-w-full sbtw-block sbtw-z-0\" loading=\"lazy\" alt=\"\" \/>\n                        \n                        \n                                                <\/a>\n                                    <\/div>\n            <\/div>\n\n            <\/div>\n<\/div>\n<style>\n    .sbgs-gallery-studio-12346 .sbtw-single-item{border-top: 0px solid #000000;border-right: 0px solid #000000;border-bottom: 0px solid #000000;border-left: 0px solid #000000;border-top-left-radius: 0px;border-top-right-radius: 0px;border-bottom-right-radius: 0px;border-bottom-left-radius: 0px;padding: 0px;background-color: #FFFFFF;box-shadow: 0px 0px 0px 0px #ffffff;}.sbgs-gallery-studio-12346 .sbtw-grid{}[class^=&quot;sbtw-hvr-&quot;]:before, [class^=&quot; sbtw-hvr-&quot;]:before, [class^=&quot;sbtw-hvr-&quot;]:after, [class^=&quot; sbtw-hvr-&quot;]:after{background-color: #000000;}<\/style>\n<\/div>\n\t\t\t\t<\/div>\n\t\t\t\t<\/div>\n\t\t\t\t\t\t<\/div>\n\t\t\t\t\t<\/div>\n\t\t<\/div>\n\t\t\t\t\t\t\t\t<\/div>\n\t\t\t\t\t<\/div>\n\t\t<\/section>\n\t\t\t\t<section class=\"elementor-section elementor-top-section elementor-element elementor-element-b2de05b elementor-section-full_width elementor-section-height-default elementor-section-height-default\" data-id=\"b2de05b\" data-element_type=\"section\">\n\t\t\t\t\t\t<div class=\"elementor-container elementor-column-gap-default\">\n\t\t\t\t\t\t\t<div class=\"elementor-row\">\n\t\t\t\t\t<div class=\"elementor-column elementor-col-100 elementor-top-column elementor-element elementor-element-3223eb2\" data-id=\"3223eb2\" data-element_type=\"column\">\n\t\t\t<div class=\"elementor-column-wrap elementor-element-populated\">\n\t\t\t\t\t\t\t<div class=\"elementor-widget-wrap\">\n\t\t\t\t\t\t<div class=\"elementor-element elementor-element-0c3e14c elementor-hidden-phone elementor-widget elementor-widget-text-editor\" data-id=\"0c3e14c\" data-element_type=\"widget\" data-widget_type=\"text-editor.default\">\n\t\t\t\t<div class=\"elementor-widget-container\">\n\t\t\t\t\t<div class=\"elementor-text-editor elementor-clearfix\"><!-- Layout 7 : Swiper Simple -->\n<div class=\"swiper sbtw-wrapper layout-swiper-slider swiper-container\" data-swiper-config='{&quot;allowSlideNext&quot;:true,&quot;allowSlidePrev&quot;:true,&quot;allowTouchMove&quot;:true,&quot;direction&quot;:&quot;horizontal&quot;,&quot;effect&quot;:&quot;slide&quot;}' data-swiper-id=\"12342\">\n    <div class=\"swiper-wrapper\">\n                    <div class=\"swiper-slide sbtw-relative sbtw-single-item sbtw-overflow-hidden\">\n            <a class=\"item-image\" href=\"https:\/\/teknapower.com.br\/\" title=\"WEB_Banner_Produtos_Tekna\">\n                            <img decoding=\"async\" src=\"https:\/\/nordtech.com.br\/wp-content\/uploads\/2025\/09\/WEB_Banner_Produtos_Tekna.jpg\" class=\"sbtw-media-item \" loading=\"lazy\" alt=\"\" \/>\n        \n        \n                <\/a>\n        <\/a>\n<\/div>\n            <\/div>\n\n    \n    \n    <!-- If we need scrollbar -->\n    <!-- <div class=\"swiper-scrollbar\"><\/div> -->\n<\/div>\n<\/div>\n\t\t\t\t<\/div>\n\t\t\t\t<\/div>\n\t\t\t\t\t\t<\/div>\n\t\t\t\t\t<\/div>\n\t\t<\/div>\n\t\t\t\t\t\t\t\t<\/div>\n\t\t\t\t\t<\/div>\n\t\t<\/section>\n\t\t\t\t<section class=\"elementor-section elementor-top-section elementor-element elementor-element-88195a6 elementor-section-boxed elementor-section-height-default elementor-section-height-default\" data-id=\"88195a6\" data-element_type=\"section\">\n\t\t\t\t\t\t<div class=\"elementor-container elementor-column-gap-default\">\n\t\t\t\t\t\t\t<div class=\"elementor-row\">\n\t\t\t\t\t<div class=\"elementor-column elementor-col-100 elementor-top-column elementor-element elementor-element-ec8242e\" data-id=\"ec8242e\" data-element_type=\"column\">\n\t\t\t<div class=\"elementor-column-wrap elementor-element-populated\">\n\t\t\t\t\t\t\t<div class=\"elementor-widget-wrap\">\n\t\t\t\t\t\t<div class=\"elementor-element elementor-element-6f89ac4 elementor-widget elementor-widget-text-editor\" data-id=\"6f89ac4\" data-element_type=\"widget\" data-widget_type=\"text-editor.default\">\n\t\t\t\t<div class=\"elementor-widget-container\">\n\t\t\t\t\t<div class=\"elementor-text-editor elementor-clearfix\"><p>Com mais de <strong>300 itens<\/strong> no portf\u00f3lio, a <strong>TEKNA<\/strong> est\u00e1 sempre em busca da excel\u00eancia, oferecendo solu\u00e7\u00f5es completas para casa, campo e jardim. S\u00e3o equipamentos desenvolvidos para uso ocasional, frequente e intensivo, unindo qualidade, desempenho e praticidade para atender \u00e0s mais variadas necessidades do dia a dia.<\/p><p>\u00a0<\/p><\/div>\n\t\t\t\t<\/div>\n\t\t\t\t<\/div>\n\t\t\t\t\t\t<\/div>\n\t\t\t\t\t<\/div>\n\t\t<\/div>\n\t\t\t\t\t\t\t\t<\/div>\n\t\t\t\t\t<\/div>\n\t\t<\/section>\n\t\t\t\t<section class=\"elementor-section elementor-top-section elementor-element elementor-element-62e029a elementor-section-full_width elementor-section-height-default elementor-section-height-default\" data-id=\"62e029a\" data-element_type=\"section\">\n\t\t\t\t\t\t<div class=\"elementor-container elementor-column-gap-default\">\n\t\t\t\t\t\t\t<div class=\"elementor-row\">\n\t\t\t\t\t<div class=\"elementor-column elementor-col-100 elementor-top-column elementor-element elementor-element-a3eda79\" data-id=\"a3eda79\" data-element_type=\"column\">\n\t\t\t<div class=\"elementor-column-wrap elementor-element-populated\">\n\t\t\t\t\t\t\t<div class=\"elementor-widget-wrap\">\n\t\t\t\t\t\t<section class=\"elementor-section elementor-inner-section elementor-element elementor-element-4f25cc8 elementor-section-boxed elementor-section-height-default elementor-section-height-default\" data-id=\"4f25cc8\" data-element_type=\"section\">\n\t\t\t\t\t\t<div class=\"elementor-container elementor-column-gap-default\">\n\t\t\t\t\t\t\t<div class=\"elementor-row\">\n\t\t\t\t\t<div class=\"elementor-column elementor-col-33 elementor-inner-column elementor-element elementor-element-bdcdd9e\" data-id=\"bdcdd9e\" data-element_type=\"column\">\n\t\t\t<div class=\"elementor-column-wrap\">\n\t\t\t\t\t\t\t<div class=\"elementor-widget-wrap\">\n\t\t\t\t\t\t\t\t<\/div>\n\t\t\t\t\t<\/div>\n\t\t<\/div>\n\t\t\t\t<div class=\"elementor-column elementor-col-33 elementor-inner-column elementor-element elementor-element-1d91145\" data-id=\"1d91145\" data-element_type=\"column\">\n\t\t\t<div class=\"elementor-column-wrap elementor-element-populated\">\n\t\t\t\t\t\t\t<div class=\"elementor-widget-wrap\">\n\t\t\t\t\t\t<div class=\"elementor-element elementor-element-b6b4b56 elementor-align-center elementor-widget elementor-widget-button\" data-id=\"b6b4b56\" data-element_type=\"widget\" data-widget_type=\"button.default\">\n\t\t\t\t<div class=\"elementor-widget-container\">\n\t\t\t\t\t<div class=\"elementor-button-wrapper\">\n\t\t\t<a href=\"https:\/\/teknapower.com.br\/\" class=\"elementor-button-link elementor-button elementor-size-sm\" role=\"button\">\n\t\t\t\t\t\t<span class=\"elementor-button-content-wrapper\">\n\t\t\t\t\t\t<span class=\"elementor-button-text\">Visite o site da Tekna!<\/span>\n\t\t<\/span>\n\t\t\t\t\t<\/a>\n\t\t<\/div>\n\t\t\t\t<\/div>\n\t\t\t\t<\/div>\n\t\t\t\t\t\t<\/div>\n\t\t\t\t\t<\/div>\n\t\t<\/div>\n\t\t\t\t<div class=\"elementor-column elementor-col-33 elementor-inner-column elementor-element elementor-element-e762067\" data-id=\"e762067\" data-element_type=\"column\">\n\t\t\t<div class=\"elementor-column-wrap\">\n\t\t\t\t\t\t\t<div class=\"elementor-widget-wrap\">\n\t\t\t\t\t\t\t\t<\/div>\n\t\t\t\t\t<\/div>\n\t\t<\/div>\n\t\t\t\t\t\t\t\t<\/div>\n\t\t\t\t\t<\/div>\n\t\t<\/section>\n\t\t\t\t<div class=\"elementor-element elementor-element-9deb910 elementor-widget elementor-widget-spacer\" data-id=\"9deb910\" data-element_type=\"widget\" data-widget_type=\"spacer.default\">\n\t\t\t\t<div class=\"elementor-widget-container\">\n\t\t\t\t\t<div class=\"elementor-spacer\">\n\t\t\t<div class=\"elementor-spacer-inner\"><\/div>\n\t\t<\/div>\n\t\t\t\t<\/div>\n\t\t\t\t<\/div>\n\t\t\t\t<section data-ha-element-link=\"{&quot;url&quot;:&quot;https:\\\/\\\/teknapower.com.br\\\/&quot;,&quot;is_external&quot;:&quot;&quot;,&quot;nofollow&quot;:&quot;&quot;,&quot;custom_attributes&quot;:&quot;&quot;}\" style=\"cursor: pointer\" class=\"elementor-section elementor-inner-section elementor-element elementor-element-fdfa53a elementor-section-boxed elementor-section-height-default elementor-section-height-default\" data-id=\"fdfa53a\" data-element_type=\"section\" data-settings=\"{&quot;background_background&quot;:&quot;classic&quot;}\">\n\t\t\t\t\t\t<div class=\"elementor-container elementor-column-gap-default\">\n\t\t\t\t\t\t\t<div class=\"elementor-row\">\n\t\t\t\t\t\t\t\t\t<\/div>\n\t\t\t\t\t<\/div>\n\t\t<\/section>\n\t\t\t\t<div class=\"elementor-element elementor-element-111ba8f elementor-widget-divider--view-line elementor-widget elementor-widget-divider\" data-id=\"111ba8f\" data-element_type=\"widget\" data-widget_type=\"divider.default\">\n\t\t\t\t<div class=\"elementor-widget-container\">\n\t\t\t\t\t<div class=\"elementor-divider\">\n\t\t\t<span class=\"elementor-divider-separator\">\n\t\t\t\t\t\t<\/span>\n\t\t<\/div>\n\t\t\t\t<\/div>\n\t\t\t\t<\/div>\n\t\t\t\t<section data-ha-element-link=\"{&quot;url&quot;:&quot;https:\\\/\\\/teknapower.com.br\\\/&quot;,&quot;is_external&quot;:&quot;&quot;,&quot;nofollow&quot;:&quot;&quot;,&quot;custom_attributes&quot;:&quot;&quot;}\" style=\"cursor: pointer\" class=\"elementor-section elementor-inner-section elementor-element elementor-element-9aecdc0 elementor-section-boxed elementor-section-height-default elementor-section-height-default\" data-id=\"9aecdc0\" data-element_type=\"section\" data-settings=\"{&quot;background_background&quot;:&quot;classic&quot;}\">\n\t\t\t\t\t\t<div class=\"elementor-container elementor-column-gap-default\">\n\t\t\t\t\t\t\t<div class=\"elementor-row\">\n\t\t\t\t\t\t\t\t\t<\/div>\n\t\t\t\t\t<\/div>\n\t\t<\/section>\n\t\t\t\t\t\t<\/div>\n\t\t\t\t\t<\/div>\n\t\t<\/div>\n\t\t\t\t\t\t\t\t<\/div>\n\t\t\t\t\t<\/div>\n\t\t<\/section>\n\t\t\t\t\t\t<\/div>\n\t\t\t\t\t\t<\/div>\n\t\t\t\t\t<\/div>\n\t\t","protected":false},"excerpt":{"rendered":"<p>Com mais de 300 itens no portf\u00f3lio, a TEKNA est\u00e1 sempre em busca da excel\u00eancia, oferecendo solu\u00e7\u00f5es completas para casa, campo e jardim. S\u00e3o equipamentos desenvolvidos para uso ocasional, frequente e intensivo, unindo qualidade, desempenho e praticidade para atender \u00e0s mais variadas necessidades do dia a dia. \u00a0 Visite o site da Tekna!<\/p>\n","protected":false},"author":1,"featured_media":0,"parent":0,"menu_order":0,"comment_status":"closed","ping_status":"closed","template":"elementor_header_footer","meta":{"footnotes":""},"class_list":["post-427","page","type-page","status-publish","hentry"],"_links":{"self":[{"href":"https:\/\/nordtech.com.br\/index.php?rest_route=\/wp\/v2\/pages\/427","targetHints":{"allow":["GET"]}}],"collection":[{"href":"https:\/\/nordtech.com.br\/index.php?rest_route=\/wp\/v2\/pages"}],"about":[{"href":"https:\/\/nordtech.com.br\/index.php?rest_route=\/wp\/v2\/types\/page"}],"author":[{"embeddable":true,"href":"https:\/\/nordtech.com.br\/index.php?rest_route=\/wp\/v2\/users\/1"}],"replies":[{"embeddable":true,"href":"https:\/\/nordtech.com.br\/index.php?rest_route=%2Fwp%2Fv2%2Fcomments&post=427"}],"version-history":[{"count":30,"href":"https:\/\/nordtech.com.br\/index.php?rest_route=\/wp\/v2\/pages\/427\/revisions"}],"predecessor-version":[{"id":22174,"href":"https:\/\/nordtech.com.br\/index.php?rest_route=\/wp\/v2\/pages\/427\/revisions\/22174"}],"wp:attachment":[{"href":"https:\/\/nordtech.com.br\/index.php?rest_route=%2Fwp%2Fv2%2Fmedia&parent=427"}],"curies":[{"name":"wp","href":"https:\/\/api.w.org\/{rel}","templated":true}]}}