{"id":1014,"date":"2021-04-22T19:02:23","date_gmt":"2021-04-22T22:02:23","guid":{"rendered":"https:\/\/nordtech.com.br\/?page_id=1014"},"modified":"2025-06-27T16:11:01","modified_gmt":"2025-06-27T19:11:01","slug":"easyplant","status":"publish","type":"page","link":"https:\/\/nordtech.com.br\/?page_id=1014","title":{"rendered":"EasyPlant"},"content":{"rendered":"\t\t<div data-elementor-type=\"wp-page\" data-elementor-id=\"1014\" class=\"elementor elementor-1014\" data-elementor-settings=\"[]\">\n\t\t\t\t\t\t<div class=\"elementor-inner\">\n\t\t\t\t\t\t\t<div class=\"elementor-section-wrap\">\n\t\t\t\t\t\t\t<section class=\"elementor-section elementor-top-section elementor-element elementor-element-9e8f26b elementor-section-full_width elementor-section-content-top elementor-section-height-default elementor-section-height-default\" data-id=\"9e8f26b\" data-element_type=\"section\">\n\t\t\t\t\t\t<div class=\"elementor-container elementor-column-gap-default\">\n\t\t\t\t\t\t\t<div class=\"elementor-row\">\n\t\t\t\t\t<div class=\"elementor-column elementor-col-100 elementor-top-column elementor-element elementor-element-5c531f0\" data-id=\"5c531f0\" data-element_type=\"column\" data-settings=\"{&quot;background_background&quot;:&quot;classic&quot;}\">\n\t\t\t<div class=\"elementor-column-wrap elementor-element-populated\">\n\t\t\t\t\t\t\t<div class=\"elementor-widget-wrap\">\n\t\t\t\t\t\t<div class=\"elementor-element elementor-element-e09fad2 elementor-hidden-desktop elementor-hidden-tablet elementor-widget elementor-widget-text-editor\" data-id=\"e09fad2\" data-element_type=\"widget\" data-widget_type=\"text-editor.default\">\n\t\t\t\t<div class=\"elementor-widget-container\">\n\t\t\t\t\t<div class=\"elementor-text-editor elementor-clearfix\"><div id=\"postbox-container-1\" class=\"postbox-container\"><div id=\"side-sortables\" class=\"meta-box-sortables ui-sortable\"><div id=\"show-shortcode\" class=\"postbox \"><div class=\"inside\"><strong><!-- Layout 7 : Swiper Simple -->\n<div class=\"swiper sbtw-wrapper layout-swiper-slider swiper-container\" data-swiper-config='{&quot;allowSlideNext&quot;:true,&quot;allowSlidePrev&quot;:true,&quot;allowTouchMove&quot;:true,&quot;direction&quot;:&quot;horizontal&quot;,&quot;effect&quot;:&quot;slide&quot;}' data-swiper-id=\"12257\">\n    <div class=\"swiper-wrapper\">\n                    <div class=\"swiper-slide sbtw-relative sbtw-single-item sbtw-overflow-hidden\">\n                        <img decoding=\"async\" src=\"https:\/\/nordtech.com.br\/wp-content\/uploads\/2023\/09\/BANNER_EASYPLANT_MOBILE_OP2.jpg\" class=\"sbtw-media-item \" loading=\"lazy\" alt=\"\" \/>\n        \n        \n            <\/a>\n<\/div>\n            <\/div>\n\n    \n    \n    <!-- If we need scrollbar -->\n    <!-- <div class=\"swiper-scrollbar\"><\/div> -->\n<\/div>\n<\/strong><\/div><\/div><\/div><\/div><div id=\"postbox-container-2\" class=\"postbox-container\">\u00a0<\/div><\/div>\n\t\t\t\t<\/div>\n\t\t\t\t<\/div>\n\t\t\t\t\t\t<\/div>\n\t\t\t\t\t<\/div>\n\t\t<\/div>\n\t\t\t\t\t\t\t\t<\/div>\n\t\t\t\t\t<\/div>\n\t\t<\/section>\n\t\t\t\t<section class=\"elementor-section elementor-top-section elementor-element elementor-element-d978a61 elementor-section-full_width elementor-section-content-top elementor-section-height-default elementor-section-height-default\" data-id=\"d978a61\" data-element_type=\"section\">\n\t\t\t\t\t\t<div class=\"elementor-container elementor-column-gap-default\">\n\t\t\t\t\t\t\t<div class=\"elementor-row\">\n\t\t\t\t\t<div class=\"elementor-column elementor-col-100 elementor-top-column elementor-element elementor-element-ba99b4e\" data-id=\"ba99b4e\" data-element_type=\"column\" data-settings=\"{&quot;background_background&quot;:&quot;classic&quot;}\">\n\t\t\t<div class=\"elementor-column-wrap elementor-element-populated\">\n\t\t\t\t\t\t\t<div class=\"elementor-widget-wrap\">\n\t\t\t\t\t\t<div class=\"elementor-element elementor-element-102e7ee elementor-hidden-phone elementor-widget elementor-widget-text-editor\" data-id=\"102e7ee\" data-element_type=\"widget\" data-widget_type=\"text-editor.default\">\n\t\t\t\t<div class=\"elementor-widget-container\">\n\t\t\t\t\t<div class=\"elementor-text-editor elementor-clearfix\"><div id=\"postbox-container-1\" class=\"postbox-container\"><div id=\"side-sortables\" class=\"meta-box-sortables ui-sortable\"><div id=\"show-shortcode\" class=\"postbox \"><div class=\"inside\"><strong><!-- Layout 7 : Swiper Simple -->\n<div class=\"swiper sbtw-wrapper layout-swiper-slider swiper-container\" data-swiper-config='{&quot;allowSlideNext&quot;:true,&quot;allowSlidePrev&quot;:true,&quot;allowTouchMove&quot;:true,&quot;direction&quot;:&quot;horizontal&quot;,&quot;effect&quot;:&quot;slide&quot;}' data-swiper-id=\"12256\">\n    <div class=\"swiper-wrapper\">\n                    <div class=\"swiper-slide sbtw-relative sbtw-single-item sbtw-overflow-hidden\">\n                        <img decoding=\"async\" src=\"https:\/\/nordtech.com.br\/wp-content\/uploads\/2023\/09\/BANNER_EASYPLANT_WEB_OP2.jpg\" class=\"sbtw-media-item \" loading=\"lazy\" alt=\"\" \/>\n        \n        \n            <\/a>\n<\/div>\n            <\/div>\n\n    \n    \n    <!-- If we need scrollbar -->\n    <!-- <div class=\"swiper-scrollbar\"><\/div> -->\n<\/div>\n<\/strong><\/div><\/div><\/div><\/div><div id=\"postbox-container-2\" class=\"postbox-container\">\u00a0<\/div><\/div>\n\t\t\t\t<\/div>\n\t\t\t\t<\/div>\n\t\t\t\t\t\t<\/div>\n\t\t\t\t\t<\/div>\n\t\t<\/div>\n\t\t\t\t\t\t\t\t<\/div>\n\t\t\t\t\t<\/div>\n\t\t<\/section>\n\t\t\t\t<section class=\"elementor-section elementor-top-section elementor-element elementor-element-88195a6 elementor-section-boxed elementor-section-height-default elementor-section-height-default\" data-id=\"88195a6\" data-element_type=\"section\">\n\t\t\t\t\t\t<div class=\"elementor-container elementor-column-gap-default\">\n\t\t\t\t\t\t\t<div class=\"elementor-row\">\n\t\t\t\t\t<div class=\"elementor-column elementor-col-100 elementor-top-column elementor-element elementor-element-ec8242e\" data-id=\"ec8242e\" data-element_type=\"column\">\n\t\t\t<div class=\"elementor-column-wrap elementor-element-populated\">\n\t\t\t\t\t\t\t<div class=\"elementor-widget-wrap\">\n\t\t\t\t\t\t<div class=\"elementor-element elementor-element-6f89ac4 elementor-widget elementor-widget-text-editor\" data-id=\"6f89ac4\" data-element_type=\"widget\" data-widget_type=\"text-editor.default\">\n\t\t\t\t<div class=\"elementor-widget-container\">\n\t\t\t\t\t<div class=\"elementor-text-editor elementor-clearfix\"><p>A\u00a0<strong>EasyPlant<\/strong>\u00a0surgiu com o objetivo de proporcionar qualidade de vida para as pessoas, atrav\u00e9s do contato com as plantas e da alimenta\u00e7\u00e3o saud\u00e1vel. Sabemos dos benef\u00edcios que o contato com as plantas nos trazem, al\u00e9m de reduzir o estresse elas tamb\u00e9m aumentam a nossa sensa\u00e7\u00e3o de bem-estar, e por isso gostar\u00edamos de compartilhar essa experi\u00eancia. Queremos que mesmo sem tempo, espa\u00e7o ou experi\u00eancia, qualquer um possa cultivar seu pr\u00f3prio alimento, sem sujeira, sem pragas e livre de agrot\u00f3xicos! Desfrutando seu frescor, seu sabor \u00fanico, e o melhor, sem sair de casa!<\/p><\/div>\n\t\t\t\t<\/div>\n\t\t\t\t<\/div>\n\t\t\t\t\t\t<\/div>\n\t\t\t\t\t<\/div>\n\t\t<\/div>\n\t\t\t\t\t\t\t\t<\/div>\n\t\t\t\t\t<\/div>\n\t\t<\/section>\n\t\t\t\t<section class=\"elementor-section elementor-top-section elementor-element elementor-element-483bf63 elementor-section-boxed elementor-section-height-default elementor-section-height-default\" data-id=\"483bf63\" data-element_type=\"section\">\n\t\t\t\t\t\t<div class=\"elementor-container elementor-column-gap-default\">\n\t\t\t\t\t\t\t<div class=\"elementor-row\">\n\t\t\t\t\t<div class=\"elementor-column elementor-col-100 elementor-top-column elementor-element elementor-element-a827c11\" data-id=\"a827c11\" data-element_type=\"column\">\n\t\t\t<div class=\"elementor-column-wrap elementor-element-populated\">\n\t\t\t\t\t\t\t<div class=\"elementor-widget-wrap\">\n\t\t\t\t\t\t<div class=\"elementor-element elementor-element-4f33384 elementor-align-center elementor-widget elementor-widget-button\" data-id=\"4f33384\" data-element_type=\"widget\" data-widget_type=\"button.default\">\n\t\t\t\t<div class=\"elementor-widget-container\">\n\t\t\t\t\t<div class=\"elementor-button-wrapper\">\n\t\t\t<a href=\"https:\/\/easyplant.com.br\/\" class=\"elementor-button-link elementor-button elementor-size-sm\" role=\"button\">\n\t\t\t\t\t\t<span class=\"elementor-button-content-wrapper\">\n\t\t\t\t\t\t<span class=\"elementor-button-text\">Saiba mais sobre a Easyplant<\/span>\n\t\t<\/span>\n\t\t\t\t\t<\/a>\n\t\t<\/div>\n\t\t\t\t<\/div>\n\t\t\t\t<\/div>\n\t\t\t\t\t\t<\/div>\n\t\t\t\t\t<\/div>\n\t\t<\/div>\n\t\t\t\t\t\t\t\t<\/div>\n\t\t\t\t\t<\/div>\n\t\t<\/section>\n\t\t\t\t\t\t<\/div>\n\t\t\t\t\t\t<\/div>\n\t\t\t\t\t<\/div>\n\t\t","protected":false},"excerpt":{"rendered":"<p>\u00a0\u00a0 A\u00a0EasyPlant\u00a0surgiu com o objetivo de proporcionar qualidade de vida para as pessoas, atrav\u00e9s do contato com as plantas e da alimenta\u00e7\u00e3o saud\u00e1vel. Sabemos dos benef\u00edcios que o contato com as plantas nos trazem, al\u00e9m de reduzir o estresse elas tamb\u00e9m aumentam a nossa sensa\u00e7\u00e3o de bem-estar, e por isso gostar\u00edamos de compartilhar essa experi\u00eancia. [&hellip;]<\/p>\n","protected":false},"author":2,"featured_media":0,"parent":0,"menu_order":0,"comment_status":"closed","ping_status":"closed","template":"elementor_header_footer","meta":{"footnotes":""},"class_list":["post-1014","page","type-page","status-publish","hentry"],"_links":{"self":[{"href":"https:\/\/nordtech.com.br\/index.php?rest_route=\/wp\/v2\/pages\/1014","targetHints":{"allow":["GET"]}}],"collection":[{"href":"https:\/\/nordtech.com.br\/index.php?rest_route=\/wp\/v2\/pages"}],"about":[{"href":"https:\/\/nordtech.com.br\/index.php?rest_route=\/wp\/v2\/types\/page"}],"author":[{"embeddable":true,"href":"https:\/\/nordtech.com.br\/index.php?rest_route=\/wp\/v2\/users\/2"}],"replies":[{"embeddable":true,"href":"https:\/\/nordtech.com.br\/index.php?rest_route=%2Fwp%2Fv2%2Fcomments&post=1014"}],"version-history":[{"count":6,"href":"https:\/\/nordtech.com.br\/index.php?rest_route=\/wp\/v2\/pages\/1014\/revisions"}],"predecessor-version":[{"id":22239,"href":"https:\/\/nordtech.com.br\/index.php?rest_route=\/wp\/v2\/pages\/1014\/revisions\/22239"}],"wp:attachment":[{"href":"https:\/\/nordtech.com.br\/index.php?rest_route=%2Fwp%2Fv2%2Fmedia&parent=1014"}],"curies":[{"name":"wp","href":"https:\/\/api.w.org\/{rel}","templated":true}]}}