{"id":1006,"date":"2021-04-22T18:59:12","date_gmt":"2021-04-22T21:59:12","guid":{"rendered":"https:\/\/nordtech.com.br\/?page_id=1006"},"modified":"2025-06-27T17:30:01","modified_gmt":"2025-06-27T20:30:01","slug":"maruyama-2","status":"publish","type":"page","link":"https:\/\/nordtech.com.br\/?page_id=1006","title":{"rendered":"Maruyama"},"content":{"rendered":"\t\t<div data-elementor-type=\"wp-page\" data-elementor-id=\"1006\" class=\"elementor elementor-1006\" data-elementor-settings=\"[]\">\n\t\t\t\t\t\t<div class=\"elementor-inner\">\n\t\t\t\t\t\t\t<div class=\"elementor-section-wrap\">\n\t\t\t\t\t\t\t<section class=\"elementor-section elementor-top-section elementor-element elementor-element-9e8f26b elementor-section-full_width elementor-section-content-top elementor-section-height-default elementor-section-height-default\" data-id=\"9e8f26b\" data-element_type=\"section\">\n\t\t\t\t\t\t<div class=\"elementor-container elementor-column-gap-default\">\n\t\t\t\t\t\t\t<div class=\"elementor-row\">\n\t\t\t\t\t<div class=\"elementor-column elementor-col-100 elementor-top-column elementor-element elementor-element-5c531f0\" data-id=\"5c531f0\" data-element_type=\"column\" data-settings=\"{&quot;background_background&quot;:&quot;classic&quot;}\">\n\t\t\t<div class=\"elementor-column-wrap elementor-element-populated\">\n\t\t\t\t\t\t\t<div class=\"elementor-widget-wrap\">\n\t\t\t\t\t\t<div class=\"elementor-element elementor-element-eb628de elementor-hidden-desktop elementor-hidden-tablet elementor-widget elementor-widget-text-editor\" data-id=\"eb628de\" data-element_type=\"widget\" data-widget_type=\"text-editor.default\">\n\t\t\t\t<div class=\"elementor-widget-container\">\n\t\t\t\t\t<div class=\"elementor-text-editor elementor-clearfix\"><div id=\"postbox-container-1\" class=\"postbox-container\"><div id=\"side-sortables\" class=\"meta-box-sortables ui-sortable\"><div id=\"show-shortcode\" class=\"postbox \"><div class=\"inside\"><div id=\"postbox-container-1\" class=\"postbox-container\"><div id=\"side-sortables\" class=\"meta-box-sortables ui-sortable\"><div id=\"show-shortcode\" class=\"postbox \"><div class=\"inside\"><strong><!-- Layout 7 : Swiper Simple -->\n<div class=\"swiper sbtw-wrapper layout-swiper-slider swiper-container\" data-swiper-config='{&quot;allowSlideNext&quot;:true,&quot;allowSlidePrev&quot;:true,&quot;allowTouchMove&quot;:true,&quot;direction&quot;:&quot;horizontal&quot;,&quot;effect&quot;:&quot;slide&quot;}' data-swiper-id=\"12261\">\n    <div class=\"swiper-wrapper\">\n                    <div class=\"swiper-slide sbtw-relative sbtw-single-item sbtw-overflow-hidden\">\n                        <img decoding=\"async\" src=\"https:\/\/nordtech.com.br\/wp-content\/uploads\/2023\/09\/BANNER_MARUYAMA_MOBILE_OP2.jpg\" class=\"sbtw-media-item \" loading=\"lazy\" alt=\"\" \/>\n        \n        \n            <\/a>\n<\/div>\n            <\/div>\n\n    \n    \n    <!-- If we need scrollbar -->\n    <!-- <div class=\"swiper-scrollbar\"><\/div> -->\n<\/div>\n<\/strong><\/div><\/div><\/div><\/div><div id=\"postbox-container-2\" class=\"postbox-container\">\u00a0<\/div><\/div><\/div><\/div><\/div><div id=\"postbox-container-2\" class=\"postbox-container\">\u00a0<\/div><\/div>\n\t\t\t\t<\/div>\n\t\t\t\t<\/div>\n\t\t\t\t\t\t<\/div>\n\t\t\t\t\t<\/div>\n\t\t<\/div>\n\t\t\t\t\t\t\t\t<\/div>\n\t\t\t\t\t<\/div>\n\t\t<\/section>\n\t\t\t\t<section class=\"elementor-section elementor-top-section elementor-element elementor-element-690574b elementor-section-full_width elementor-section-content-top elementor-section-height-default elementor-section-height-default\" data-id=\"690574b\" data-element_type=\"section\">\n\t\t\t\t\t\t<div class=\"elementor-container elementor-column-gap-default\">\n\t\t\t\t\t\t\t<div class=\"elementor-row\">\n\t\t\t\t\t<div class=\"elementor-column elementor-col-100 elementor-top-column elementor-element elementor-element-e4c916f\" data-id=\"e4c916f\" data-element_type=\"column\" data-settings=\"{&quot;background_background&quot;:&quot;classic&quot;}\">\n\t\t\t<div class=\"elementor-column-wrap elementor-element-populated\">\n\t\t\t\t\t\t\t<div class=\"elementor-widget-wrap\">\n\t\t\t\t\t\t<div class=\"elementor-element elementor-element-74117df elementor-widget elementor-widget-text-editor\" data-id=\"74117df\" data-element_type=\"widget\" data-widget_type=\"text-editor.default\">\n\t\t\t\t<div class=\"elementor-widget-container\">\n\t\t\t\t\t<div class=\"elementor-text-editor elementor-clearfix\"><div id=\"postbox-container-1\" class=\"postbox-container\"><div id=\"side-sortables\" class=\"meta-box-sortables ui-sortable\"><div id=\"show-shortcode\" class=\"postbox \"><div class=\"inside\"><strong><!-- Layout 7 : Swiper Simple -->\n<div class=\"swiper sbtw-wrapper layout-swiper-slider swiper-container\" data-swiper-config='{&quot;allowSlideNext&quot;:true,&quot;allowSlidePrev&quot;:true,&quot;allowTouchMove&quot;:true,&quot;direction&quot;:&quot;horizontal&quot;,&quot;effect&quot;:&quot;slide&quot;}' data-swiper-id=\"12260\">\n    <div class=\"swiper-wrapper\">\n                    <div class=\"swiper-slide sbtw-relative sbtw-single-item sbtw-overflow-hidden\">\n                        <img decoding=\"async\" src=\"https:\/\/nordtech.com.br\/wp-content\/uploads\/2023\/09\/BANNER_MARUYAMA_WEB_OP2.jpg\" class=\"sbtw-media-item \" loading=\"lazy\" alt=\"\" \/>\n        \n        \n            <\/a>\n<\/div>\n            <\/div>\n\n    \n    \n    <!-- If we need scrollbar -->\n    <!-- <div class=\"swiper-scrollbar\"><\/div> -->\n<\/div>\n<\/strong><\/div><\/div><\/div><\/div><div id=\"postbox-container-2\" class=\"postbox-container\">\u00a0<\/div><\/div>\n\t\t\t\t<\/div>\n\t\t\t\t<\/div>\n\t\t\t\t\t\t<\/div>\n\t\t\t\t\t<\/div>\n\t\t<\/div>\n\t\t\t\t\t\t\t\t<\/div>\n\t\t\t\t\t<\/div>\n\t\t<\/section>\n\t\t\t\t<section class=\"elementor-section elementor-top-section elementor-element elementor-element-88195a6 elementor-section-boxed elementor-section-height-default elementor-section-height-default\" data-id=\"88195a6\" data-element_type=\"section\" data-settings=\"{&quot;background_background&quot;:&quot;classic&quot;}\">\n\t\t\t\t\t\t<div class=\"elementor-container elementor-column-gap-default\">\n\t\t\t\t\t\t\t<div class=\"elementor-row\">\n\t\t\t\t\t<div class=\"elementor-column elementor-col-100 elementor-top-column elementor-element elementor-element-ec8242e\" data-id=\"ec8242e\" data-element_type=\"column\">\n\t\t\t<div class=\"elementor-column-wrap elementor-element-populated\">\n\t\t\t\t\t\t\t<div class=\"elementor-widget-wrap\">\n\t\t\t\t\t\t<div class=\"elementor-element elementor-element-6f89ac4 elementor-widget elementor-widget-text-editor\" data-id=\"6f89ac4\" data-element_type=\"widget\" data-widget_type=\"text-editor.default\">\n\t\t\t\t<div class=\"elementor-widget-container\">\n\t\t\t\t\t<div class=\"elementor-text-editor elementor-clearfix\"><p>Em 1895, a\u00a0<strong>Maruyam<\/strong>a foi fundada no Jap\u00e3o com o compromisso de produzir ferramentas fortes e dur\u00e1veis, feitas para trabalhar. A princ\u00edpio fabricando extintores de inc\u00eandio, em 1918 passou a produzir pulverizadores manuais e logo depois inicia a produ\u00e7\u00e3o de pulverizadores motorizados. Dessa forma, passou a desempenhar um importante papel no setor agr\u00edcola durante os anos ap\u00f3s a crise da primeira metade do s\u00e9culo XX. Ao longo dos anos, tornou-se l\u00edder mundial em equipamentos agr\u00edcolas port\u00e1teis, como ro\u00e7adeiras e pulverizadores equipados com motores 2 tempos.<\/p><\/div>\n\t\t\t\t<\/div>\n\t\t\t\t<\/div>\n\t\t\t\t\t\t<\/div>\n\t\t\t\t\t<\/div>\n\t\t<\/div>\n\t\t\t\t\t\t\t\t<\/div>\n\t\t\t\t\t<\/div>\n\t\t<\/section>\n\t\t\t\t<section class=\"elementor-section elementor-top-section elementor-element elementor-element-6688f11 elementor-section-boxed elementor-section-height-default elementor-section-height-default\" data-id=\"6688f11\" data-element_type=\"section\" data-settings=\"{&quot;background_background&quot;:&quot;classic&quot;}\">\n\t\t\t\t\t\t<div class=\"elementor-container elementor-column-gap-default\">\n\t\t\t\t\t\t\t<div class=\"elementor-row\">\n\t\t\t\t\t<div class=\"elementor-column elementor-col-100 elementor-top-column elementor-element elementor-element-f76627e\" data-id=\"f76627e\" data-element_type=\"column\">\n\t\t\t<div class=\"elementor-column-wrap elementor-element-populated\">\n\t\t\t\t\t\t\t<div class=\"elementor-widget-wrap\">\n\t\t\t\t\t\t<div class=\"elementor-element elementor-element-c5bc8cb elementor-align-center elementor-widget elementor-widget-button\" data-id=\"c5bc8cb\" data-element_type=\"widget\" data-widget_type=\"button.default\">\n\t\t\t\t<div class=\"elementor-widget-container\">\n\t\t\t\t\t<div class=\"elementor-button-wrapper\">\n\t\t\t<a href=\"https:\/\/online.fliphtml5.com\/mannx\/saqr\/#p=1\" class=\"elementor-button-link elementor-button elementor-size-sm\" role=\"button\">\n\t\t\t\t\t\t<span class=\"elementor-button-content-wrapper\">\n\t\t\t\t\t\t<span class=\"elementor-button-text\">Consulte nosso cat\u00e1logo completo!<\/span>\n\t\t<\/span>\n\t\t\t\t\t<\/a>\n\t\t<\/div>\n\t\t\t\t<\/div>\n\t\t\t\t<\/div>\n\t\t\t\t\t\t<\/div>\n\t\t\t\t\t<\/div>\n\t\t<\/div>\n\t\t\t\t\t\t\t\t<\/div>\n\t\t\t\t\t<\/div>\n\t\t<\/section>\n\t\t\t\t\t\t<\/div>\n\t\t\t\t\t\t<\/div>\n\t\t\t\t\t<\/div>\n\t\t","protected":false},"excerpt":{"rendered":"<p>\u00a0\u00a0\u00a0 Em 1895, a\u00a0Maruyama foi fundada no Jap\u00e3o com o compromisso de produzir ferramentas fortes e dur\u00e1veis, feitas para trabalhar. A princ\u00edpio fabricando extintores de inc\u00eandio, em 1918 passou a produzir pulverizadores manuais e logo depois inicia a produ\u00e7\u00e3o de pulverizadores motorizados. Dessa forma, passou a desempenhar um importante papel no setor agr\u00edcola durante os [&hellip;]<\/p>\n","protected":false},"author":2,"featured_media":0,"parent":0,"menu_order":0,"comment_status":"closed","ping_status":"closed","template":"elementor_header_footer","meta":{"footnotes":""},"class_list":["post-1006","page","type-page","status-publish","hentry"],"_links":{"self":[{"href":"https:\/\/nordtech.com.br\/index.php?rest_route=\/wp\/v2\/pages\/1006","targetHints":{"allow":["GET"]}}],"collection":[{"href":"https:\/\/nordtech.com.br\/index.php?rest_route=\/wp\/v2\/pages"}],"about":[{"href":"https:\/\/nordtech.com.br\/index.php?rest_route=\/wp\/v2\/types\/page"}],"author":[{"embeddable":true,"href":"https:\/\/nordtech.com.br\/index.php?rest_route=\/wp\/v2\/users\/2"}],"replies":[{"embeddable":true,"href":"https:\/\/nordtech.com.br\/index.php?rest_route=%2Fwp%2Fv2%2Fcomments&post=1006"}],"version-history":[{"count":15,"href":"https:\/\/nordtech.com.br\/index.php?rest_route=\/wp\/v2\/pages\/1006\/revisions"}],"predecessor-version":[{"id":22269,"href":"https:\/\/nordtech.com.br\/index.php?rest_route=\/wp\/v2\/pages\/1006\/revisions\/22269"}],"wp:attachment":[{"href":"https:\/\/nordtech.com.br\/index.php?rest_route=%2Fwp%2Fv2%2Fmedia&parent=1006"}],"curies":[{"name":"wp","href":"https:\/\/api.w.org\/{rel}","templated":true}]}}